{"id":803,"date":"2026-03-05T17:32:10","date_gmt":"2026-03-05T17:32:10","guid":{"rendered":"https:\/\/stratumm.com\/aviso-legal\/"},"modified":"2026-03-05T17:42:44","modified_gmt":"2026-03-05T17:42:44","slug":"aviso-legal","status":"publish","type":"page","link":"https:\/\/stratumm.com\/es\/aviso-legal\/","title":{"rendered":"Aviso Legal"},"content":{"rendered":"\t\t<div data-elementor-type=\"wp-page\" data-elementor-id=\"803\" class=\"elementor elementor-803 elementor-784\" data-elementor-post-type=\"page\">\n\t\t\t\t\t\t<section class=\"elementor-section elementor-top-section elementor-element elementor-element-42d006d elementor-section-boxed elementor-section-height-default elementor-section-height-default\" data-id=\"42d006d\" data-element_type=\"section\" data-e-type=\"section\">\n\t\t\t\t\t\t<div class=\"elementor-container elementor-column-gap-no\">\n\t\t\t\t\t<div class=\"elementor-column elementor-col-100 elementor-top-column elementor-element elementor-element-6214e68\" data-id=\"6214e68\" data-element_type=\"column\" data-e-type=\"column\">\n\t\t\t<div class=\"elementor-widget-wrap elementor-element-populated\">\n\t\t\t\t\t\t<div class=\"elementor-element elementor-element-a01c230 elementor-widget elementor-widget-text-editor\" data-id=\"a01c230\" data-element_type=\"widget\" data-e-type=\"widget\" data-widget_type=\"text-editor.default\">\n\t\t\t\t\t\t\t\t\t<h2><strong>Aviso legal<\/strong><\/h2><p>La informaci\u00f3n contenida en este sitio web se proporciona \u00fanicamente con fines informativos generales.<\/p><p>Stratumm Partners LLC no proporciona asesor\u00eda legal, fiscal, contable ni de inversi\u00f3n a trav\u00e9s de este sitio web. Nada de lo contenido en este sitio debe interpretarse como asesoramiento profesional o como una recomendaci\u00f3n para realizar cualquier transacci\u00f3n.<\/p><p>Los usuarios deben consultar asesores profesionales calificados antes de tomar decisiones financieras, legales o empresariales.<\/p><p>Aunque Stratumm procura mantener la informaci\u00f3n actualizada y precisa, no se otorgan garant\u00edas sobre la integridad, confiabilidad o exactitud de dicha informaci\u00f3n.<\/p><p>El uso de este sitio web y la confianza en su contenido se realiza bajo la responsabilidad del usuario.<\/p>\t\t\t\t\t\t\t\t<\/div>\n\t\t\t\t\t<\/div>\n\t\t<\/div>\n\t\t\t\t\t<\/div>\n\t\t<\/section>\n\t\t\t\t<\/div>\n\t\t","protected":false},"excerpt":{"rendered":"<p>Aviso legal La informaci\u00f3n contenida en este sitio web se proporciona \u00fanicamente con fines informativos generales. Stratumm Partners LLC no proporciona asesor\u00eda legal, fiscal, contable ni de inversi\u00f3n a trav\u00e9s de este sitio web. Nada de lo contenido en este sitio debe interpretarse como asesoramiento profesional o como una recomendaci\u00f3n para realizar cualquier transacci\u00f3n. Los [&hellip;]<\/p>\n","protected":false},"author":1,"featured_media":0,"parent":0,"menu_order":0,"comment_status":"closed","ping_status":"closed","template":"","meta":{"footnotes":""},"class_list":["post-803","page","type-page","status-publish","hentry"],"_links":{"self":[{"href":"https:\/\/stratumm.com\/es\/wp-json\/wp\/v2\/pages\/803","targetHints":{"allow":["GET"]}}],"collection":[{"href":"https:\/\/stratumm.com\/es\/wp-json\/wp\/v2\/pages"}],"about":[{"href":"https:\/\/stratumm.com\/es\/wp-json\/wp\/v2\/types\/page"}],"author":[{"embeddable":true,"href":"https:\/\/stratumm.com\/es\/wp-json\/wp\/v2\/users\/1"}],"replies":[{"embeddable":true,"href":"https:\/\/stratumm.com\/es\/wp-json\/wp\/v2\/comments?post=803"}],"version-history":[{"count":4,"href":"https:\/\/stratumm.com\/es\/wp-json\/wp\/v2\/pages\/803\/revisions"}],"predecessor-version":[{"id":812,"href":"https:\/\/stratumm.com\/es\/wp-json\/wp\/v2\/pages\/803\/revisions\/812"}],"wp:attachment":[{"href":"https:\/\/stratumm.com\/es\/wp-json\/wp\/v2\/media?parent=803"}],"curies":[{"name":"wp","href":"https:\/\/api.w.org\/{rel}","templated":true}]}}