{"id":696,"date":"2026-03-01T20:53:41","date_gmt":"2026-03-01T20:53:41","guid":{"rendered":"https:\/\/stratumm.com\/comenzar\/"},"modified":"2026-03-05T01:06:38","modified_gmt":"2026-03-05T01:06:38","slug":"comenzar","status":"publish","type":"page","link":"https:\/\/stratumm.com\/es\/comenzar\/","title":{"rendered":"Comenzar"},"content":{"rendered":"\t\t<div data-elementor-type=\"wp-page\" data-elementor-id=\"696\" class=\"elementor elementor-696 elementor-493\" data-elementor-post-type=\"page\">\n\t\t\t\t\t\t<section class=\"elementor-section elementor-top-section elementor-element elementor-element-bda8618 elementor-section-height-min-height elementor-section-boxed elementor-section-height-default elementor-section-items-middle\" data-id=\"bda8618\" data-element_type=\"section\" data-e-type=\"section\">\n\t\t\t\t\t\t<div class=\"elementor-container elementor-column-gap-no\">\n\t\t\t\t\t<div class=\"elementor-column elementor-col-100 elementor-top-column elementor-element elementor-element-4abb978\" data-id=\"4abb978\" data-element_type=\"column\" data-e-type=\"column\" data-settings=\"{&quot;background_background&quot;:&quot;classic&quot;}\">\n\t\t\t<div class=\"elementor-widget-wrap\">\n\t\t\t\t\t\t\t<\/div>\n\t\t<\/div>\n\t\t\t\t\t<\/div>\n\t\t<\/section>\n\t\t\t\t<section class=\"elementor-section elementor-top-section elementor-element elementor-element-8d26194 elementor-section-boxed elementor-section-height-default elementor-section-height-default\" data-id=\"8d26194\" data-element_type=\"section\" data-e-type=\"section\" data-settings=\"{&quot;background_background&quot;:&quot;classic&quot;}\">\n\t\t\t\t\t\t<div class=\"elementor-container elementor-column-gap-no\">\n\t\t\t\t\t<div class=\"elementor-column elementor-col-50 elementor-top-column elementor-element elementor-element-e23f630\" data-id=\"e23f630\" data-element_type=\"column\" data-e-type=\"column\" data-settings=\"{&quot;background_background&quot;:&quot;classic&quot;}\">\n\t\t\t<div class=\"elementor-widget-wrap elementor-element-populated\">\n\t\t\t\t\t\t<div class=\"elementor-element elementor-element-2531dc9 elementor-widget elementor-widget-heading\" data-id=\"2531dc9\" data-element_type=\"widget\" data-e-type=\"widget\" data-widget_type=\"heading.default\">\n\t\t\t\t\t<h2 class=\"elementor-heading-title elementor-size-default\">Hablemos de Sus Objetivos<\/h2>\t\t\t\t<\/div>\n\t\t\t\t<div class=\"elementor-element elementor-element-0964498 elementor-widget elementor-widget-text-editor\" data-id=\"0964498\" data-element_type=\"widget\" data-e-type=\"widget\" data-widget_type=\"text-editor.default\">\n\t\t\t\t\t\t\t\t\t<p>Todo compromiso exitoso comienza con una conversaci\u00f3n. Cu\u00e9ntenos d\u00f3nde se encuentra y hacia d\u00f3nde quiere ir. Le diremos con franqueza c\u00f3mo podemos ayudarle.<\/p>\t\t\t\t\t\t\t\t<\/div>\n\t\t\t\t<div class=\"elementor-element elementor-element-ad62bf3 elementor-align-left mi-boton2 elementor-tablet-align-justify elementor-widget__width-initial elementor-widget-tablet__width-inherit elementor-widget elementor-widget-button\" data-id=\"ad62bf3\" data-element_type=\"widget\" data-e-type=\"widget\" data-widget_type=\"button.default\">\n\t\t\t\t\t\t\t\t\t\t<a class=\"elementor-button elementor-button-link elementor-size-sm\" href=\"mailto:contact@stratumm.com\">\n\t\t\t\t\t\t<span class=\"elementor-button-content-wrapper\">\n\t\t\t\t\t\t<span class=\"elementor-button-icon\">\n\t\t\t\t<svg xmlns=\"http:\/\/www.w3.org\/2000\/svg\" width=\"33\" height=\"22\" viewBox=\"0 0 33 22\" fill=\"none\"><path d=\"M0 0V22H33V0H0ZM30.9833 1.13667L16.5 14.63L2.01667 1.13667H30.9833ZM1.1 20.9367V1.83333L16.5 16.17L31.9 1.87V20.9733H1.1V20.9367Z\" fill=\"currentColor\"><\/path><\/svg>\t\t\t<\/span>\n\t\t\t\t\t\t\t\t\t<span class=\"elementor-button-text\">contact@stratumm.com<\/span>\n\t\t\t\t\t<\/span>\n\t\t\t\t\t<\/a>\n\t\t\t\t\t\t\t\t<\/div>\n\t\t\t\t<div class=\"elementor-element elementor-element-0a3f638 elementor-align-left mi-boton3 elementor-tablet-align-justify elementor-widget__width-initial elementor-widget-tablet__width-inherit elementor-widget elementor-widget-button\" data-id=\"0a3f638\" data-element_type=\"widget\" data-e-type=\"widget\" data-widget_type=\"button.default\">\n\t\t\t\t\t\t\t\t\t\t<a class=\"elementor-button elementor-button-link elementor-size-sm\" href=\"tel:+18636028245\">\n\t\t\t\t\t\t<span class=\"elementor-button-content-wrapper\">\n\t\t\t\t\t\t<span class=\"elementor-button-icon\">\n\t\t\t\t<svg xmlns=\"http:\/\/www.w3.org\/2000\/svg\" width=\"25\" height=\"25\" viewBox=\"0 0 25 25\" fill=\"none\"><path fill-rule=\"evenodd\" clip-rule=\"evenodd\" d=\"M7.08704 8.66559L9.20114 6.49427C9.31558 6.37682 9.38786 6.23528 9.41496 6.0847C9.44206 5.93412 9.42098 5.77752 9.35172 5.62695L7.30688 1.19998C7.2346 1.04037 7.11715 0.916899 6.97561 0.84161C6.83407 0.766322 6.66843 0.733195 6.49377 0.757287L1.58495 1.44693C1.4133 1.47102 1.26573 1.5433 1.15129 1.65473C1.03685 1.76314 0.958554 1.91071 0.928439 2.07935C0.67547 3.51285 0.702573 4.99151 0.964577 6.47018C1.6482 10.34 3.92793 14.2128 7.00874 17.2937C10.0895 20.3745 13.9624 22.6542 17.8322 23.3378C19.3109 23.5998 20.7926 23.6269 22.223 23.374C22.3917 23.3438 22.5393 23.2655 22.6477 23.1511C22.7561 23.0367 22.8314 22.8861 22.8555 22.7174L23.5451 17.8056C23.5692 17.6309 23.5391 17.4653 23.4608 17.3238C23.3855 17.1852 23.262 17.0648 23.1024 16.9925L18.6754 14.9477C18.5249 14.8784 18.3683 14.8573 18.2177 14.8844C18.0671 14.9115 17.9256 14.9808 17.8081 15.0982L15.6368 17.2123C15.438 17.4051 15.1971 17.5316 14.9441 17.5828C14.6912 17.634 14.4232 17.6099 14.1642 17.5045C12.7216 16.9232 11.1677 15.7999 9.83356 14.4658C8.49945 13.1317 7.37615 11.5778 6.79492 10.1352C6.69253 9.87623 6.66542 9.6082 6.71662 9.35523C6.7648 9.09925 6.89129 8.86134 7.08403 8.66258L7.08704 8.66559ZM9.6348 6.91288L7.5207 9.0842C7.40927 9.19863 7.34001 9.33114 7.30989 9.47268C7.28279 9.61724 7.29484 9.76781 7.35507 9.91237C7.90317 11.2736 8.97829 12.7583 10.2612 14.0412C11.5441 15.3241 13.0258 16.3992 14.39 16.9473C14.5376 17.0076 14.6882 17.0196 14.8297 16.9925C14.9713 16.9654 15.1068 16.8931 15.2182 16.7817L17.3895 14.6676C17.5973 14.4658 17.8503 14.3393 18.1153 14.2911C18.3833 14.246 18.6634 14.2791 18.9254 14.4026L23.3524 16.4474C23.6324 16.5769 23.8493 16.7847 23.9878 17.0377C24.1263 17.2906 24.1805 17.5858 24.1384 17.8869L23.4487 22.7987C23.4066 23.0999 23.2741 23.3649 23.0783 23.5667C22.8826 23.7715 22.6206 23.913 22.3254 23.9642C20.8227 24.2292 19.2747 24.2021 17.7268 23.9281C13.7335 23.2264 9.74623 20.8834 6.58411 17.7183C3.41898 14.5592 1.076 10.5689 0.371304 6.57558C0.0972538 5.02765 0.0701499 3.47972 0.335165 1.97696C0.386362 1.67882 0.527904 1.41983 0.732689 1.22408C0.937474 1.02833 1.19948 0.895818 1.50063 0.853657L6.41245 0.164014C6.71662 0.121852 7.01175 0.179072 7.26171 0.314591C7.51468 0.453122 7.72247 0.669953 7.85197 0.950026L9.89681 5.37699C10.0173 5.64201 10.0534 5.91907 10.0082 6.18709C9.96306 6.45512 9.83658 6.70809 9.6348 6.91288Z\" fill=\"currentColor\" stroke=\"currentColor\" stroke-width=\"0.3\"><\/path><\/svg>\t\t\t<\/span>\n\t\t\t\t\t\t\t\t\t<span class=\"elementor-button-text\">+1 863 602 8245<\/span>\n\t\t\t\t\t<\/span>\n\t\t\t\t\t<\/a>\n\t\t\t\t\t\t\t\t<\/div>\n\t\t\t\t\t<\/div>\n\t\t<\/div>\n\t\t\t\t<div class=\"elementor-column elementor-col-50 elementor-top-column elementor-element elementor-element-085ea5d\" data-id=\"085ea5d\" data-element_type=\"column\" data-e-type=\"column\" data-settings=\"{&quot;background_background&quot;:&quot;classic&quot;}\">\n\t\t\t<div class=\"elementor-widget-wrap elementor-element-populated\">\n\t\t\t\t\t\t<div class=\"elementor-element elementor-element-25800dd elementor-widget elementor-widget-spacer\" data-id=\"25800dd\" data-element_type=\"widget\" data-e-type=\"widget\" data-widget_type=\"spacer.default\">\n\t\t\t\t\t\t\t<div class=\"elementor-spacer\">\n\t\t\t<div class=\"elementor-spacer-inner\"><\/div>\n\t\t<\/div>\n\t\t\t\t\t\t<\/div>\n\t\t\t\t\t<\/div>\n\t\t<\/div>\n\t\t\t\t\t<\/div>\n\t\t<\/section>\n\t\t\t\t<section class=\"elementor-section elementor-top-section elementor-element elementor-element-a709df1 elementor-section-boxed elementor-section-height-default elementor-section-height-default\" data-id=\"a709df1\" data-element_type=\"section\" data-e-type=\"section\">\n\t\t\t\t\t\t<div class=\"elementor-container elementor-column-gap-no\">\n\t\t\t\t\t<div class=\"elementor-column elementor-col-50 elementor-top-column elementor-element elementor-element-ae971c1\" data-id=\"ae971c1\" data-element_type=\"column\" data-e-type=\"column\" data-settings=\"{&quot;background_background&quot;:&quot;classic&quot;}\">\n\t\t\t<div class=\"elementor-widget-wrap elementor-element-populated\">\n\t\t\t\t\t\t<div class=\"elementor-element elementor-element-83e390f elementor-widget elementor-widget-spacer\" data-id=\"83e390f\" data-element_type=\"widget\" data-e-type=\"widget\" data-widget_type=\"spacer.default\">\n\t\t\t\t\t\t\t<div class=\"elementor-spacer\">\n\t\t\t<div class=\"elementor-spacer-inner\"><\/div>\n\t\t<\/div>\n\t\t\t\t\t\t<\/div>\n\t\t\t\t\t<\/div>\n\t\t<\/div>\n\t\t\t\t<div class=\"elementor-column elementor-col-50 elementor-top-column elementor-element elementor-element-dad1f80\" data-id=\"dad1f80\" data-element_type=\"column\" data-e-type=\"column\" data-settings=\"{&quot;background_background&quot;:&quot;classic&quot;}\">\n\t\t\t<div class=\"elementor-widget-wrap elementor-element-populated\">\n\t\t\t\t\t\t<div class=\"elementor-element elementor-element-85cd0d9 elementor-button-align-start elementor-mobile-button-align-end elementor-widget elementor-widget-form\" data-id=\"85cd0d9\" data-element_type=\"widget\" data-e-type=\"widget\" data-settings=\"{&quot;step_next_label&quot;:&quot;Siguiente&quot;,&quot;step_previous_label&quot;:&quot;Anterior&quot;,&quot;button_width&quot;:&quot;100&quot;,&quot;step_type&quot;:&quot;number_text&quot;,&quot;step_icon_shape&quot;:&quot;circle&quot;}\" data-widget_type=\"form.default\">\n\t\t\t\t\t\t\t<form class=\"elementor-form\" method=\"post\" name=\"Form Get Started\" aria-label=\"Form Get Started\">\n\t\t\t<input type=\"hidden\" name=\"post_id\" value=\"696\"\/>\n\t\t\t<input type=\"hidden\" name=\"form_id\" value=\"85cd0d9\"\/>\n\t\t\t<input type=\"hidden\" name=\"referer_title\" value=\"Comenzar\" \/>\n\n\t\t\t\t\t\t\t<input type=\"hidden\" name=\"queried_id\" value=\"696\"\/>\n\t\t\t\n\t\t\t<div class=\"elementor-form-fields-wrapper elementor-labels-\">\n\t\t\t\t\t\t\t\t<div class=\"elementor-field-type-text elementor-field-group elementor-column elementor-field-group-name elementor-col-50 elementor-field-required\">\n\t\t\t\t\t\t\t\t\t\t\t\t<label for=\"form-field-name\" class=\"elementor-field-label elementor-screen-only\">\n\t\t\t\t\t\t\t\tNombre\t\t\t\t\t\t\t<\/label>\n\t\t\t\t\t\t\t\t\t\t\t\t\t\t<input size=\"1\" type=\"text\" name=\"form_fields[name]\" id=\"form-field-name\" class=\"elementor-field elementor-size-md  elementor-field-textual\" placeholder=\"Nombre *\" required=\"required\">\n\t\t\t\t\t\t\t\t\t\t\t<\/div>\n\t\t\t\t\t\t\t\t<div class=\"elementor-field-type-text elementor-field-group elementor-column elementor-field-group-field_2e9f509 elementor-col-50 elementor-field-required\">\n\t\t\t\t\t\t\t\t\t\t\t\t<label for=\"form-field-field_2e9f509\" class=\"elementor-field-label elementor-screen-only\">\n\t\t\t\t\t\t\t\tNombre de la empresa\t\t\t\t\t\t\t<\/label>\n\t\t\t\t\t\t\t\t\t\t\t\t\t\t<input size=\"1\" type=\"text\" name=\"form_fields[field_2e9f509]\" id=\"form-field-field_2e9f509\" class=\"elementor-field elementor-size-md  elementor-field-textual\" placeholder=\"Nombre de la empresa *\" required=\"required\">\n\t\t\t\t\t\t\t\t\t\t\t<\/div>\n\t\t\t\t\t\t\t\t<div class=\"elementor-field-type-email elementor-field-group elementor-column elementor-field-group-email elementor-col-50 elementor-field-required\">\n\t\t\t\t\t\t\t\t\t\t\t\t<label for=\"form-field-email\" class=\"elementor-field-label elementor-screen-only\">\n\t\t\t\t\t\t\t\tCorreo electr\u00f3nico\t\t\t\t\t\t\t<\/label>\n\t\t\t\t\t\t\t\t\t\t\t\t\t\t<input size=\"1\" type=\"email\" name=\"form_fields[email]\" id=\"form-field-email\" class=\"elementor-field elementor-size-md  elementor-field-textual\" placeholder=\"Correo electr\u00f3nico *\" required=\"required\">\n\t\t\t\t\t\t\t\t\t\t\t<\/div>\n\t\t\t\t\t\t\t\t<div class=\"elementor-field-type-text elementor-field-group elementor-column elementor-field-group-field_cc63452 elementor-col-50\">\n\t\t\t\t\t\t\t\t\t\t\t\t<label for=\"form-field-field_cc63452\" class=\"elementor-field-label elementor-screen-only\">\n\t\t\t\t\t\t\t\tTel\u00e9fono\t\t\t\t\t\t\t<\/label>\n\t\t\t\t\t\t\t\t\t\t\t\t\t\t<input size=\"1\" type=\"text\" name=\"form_fields[field_cc63452]\" id=\"form-field-field_cc63452\" class=\"elementor-field elementor-size-md  elementor-field-textual\" placeholder=\"Tel\u00e9fono *\">\n\t\t\t\t\t\t\t\t\t\t\t<\/div>\n\t\t\t\t\t\t\t\t<div class=\"elementor-field-type-textarea elementor-field-group elementor-column elementor-field-group-message elementor-col-100\">\n\t\t\t\t\t\t\t\t\t\t\t\t<label for=\"form-field-message\" class=\"elementor-field-label elementor-screen-only\">\n\t\t\t\t\t\t\t\tMensaje\t\t\t\t\t\t\t<\/label>\n\t\t\t\t\t\t<textarea class=\"elementor-field-textual elementor-field  elementor-size-md\" name=\"form_fields[message]\" id=\"form-field-message\" rows=\"4\" placeholder=\"Mensaje\"><\/textarea>\t\t\t\t<\/div>\n\t\t\t\t\t\t\t\t<div class=\"elementor-field-type-acceptance elementor-field-group elementor-column elementor-field-group-field_e5b3a4c elementor-col-100\">\n\t\t\t\t\t\t\t<div class=\"elementor-field-subgroup\">\n\t\t\t<span class=\"elementor-field-option\">\n\t\t\t\t<input type=\"checkbox\" name=\"form_fields[field_e5b3a4c]\" id=\"form-field-field_e5b3a4c\" class=\"elementor-field elementor-size-md  elementor-acceptance-field\">\n\t\t\t\t<label for=\"form-field-field_e5b3a4c\">He le\u00eddo y acepto los t\u00e9rminos y condiciones de privacidad*<\/label>\t\t\t<\/span>\n\t\t<\/div>\n\t\t\t\t\t\t<\/div>\n\t\t\t\t\t\t\t\t<div class=\"elementor-field-group elementor-column elementor-field-type-submit elementor-col-100 e-form__buttons\">\n\t\t\t\t\t<button class=\"elementor-button elementor-size-sm\" type=\"submit\">\n\t\t\t\t\t\t<span class=\"elementor-button-content-wrapper\">\n\t\t\t\t\t\t\t\t\t\t\t\t\t\t\t<span class=\"elementor-button-icon\">\n\t\t\t\t\t\t\t\t\t<svg xmlns=\"http:\/\/www.w3.org\/2000\/svg\" width=\"16\" height=\"15\" viewBox=\"0 0 16 15\" fill=\"none\"><path d=\"M14.6094 0.488281L1.19141 6.34766L0 6.875L1.15234 7.5L5.37109 9.76562V10.1172V13.5156V15L6.44531 13.9648L8.71094 11.7969L8.86719 11.6406L12.168 13.418L12.9297 13.8281L13.1055 12.9883L15.5078 1.19141L15.7422 0L14.6094 0.488281ZM1.44531 6.93359L14.1406 1.34766L5.46875 9.10156L1.44531 6.93359ZM5.99609 13.5156V10.1172L8.26172 11.3281L5.99609 13.5156ZM12.4609 12.8711L6.93359 9.88281L6.07422 9.41406L14.7656 1.48438L12.4609 12.8711Z\" fill=\"currentColor\"><\/path><\/svg>\t\t\t\t\t\t\t\t\t\t\t\t\t\t\t\t\t<\/span>\n\t\t\t\t\t\t\t\t\t\t\t\t\t\t\t\t\t\t\t\t\t\t<span class=\"elementor-button-text\">Programe una consulta<\/span>\n\t\t\t\t\t\t\t\t\t\t\t\t\t<\/span>\n\t\t\t\t\t<\/button>\n\t\t\t\t<\/div>\n\t\t\t<\/div>\n\t\t<\/form>\n\t\t\t\t\t\t<\/div>\n\t\t\t\t\t<\/div>\n\t\t<\/div>\n\t\t\t\t\t<\/div>\n\t\t<\/section>\n\t\t\t\t<\/div>\n\t\t","protected":false},"excerpt":{"rendered":"<p>Hablemos de Sus Objetivos Todo compromiso exitoso comienza con una conversaci\u00f3n. Cu\u00e9ntenos d\u00f3nde se encuentra y hacia d\u00f3nde quiere ir. Le diremos con franqueza c\u00f3mo podemos ayudarle. contact@stratumm.com +1 863 602 8245<\/p>\n","protected":false},"author":1,"featured_media":0,"parent":0,"menu_order":0,"comment_status":"closed","ping_status":"closed","template":"","meta":{"footnotes":""},"class_list":["post-696","page","type-page","status-publish","hentry"],"_links":{"self":[{"href":"https:\/\/stratumm.com\/es\/wp-json\/wp\/v2\/pages\/696","targetHints":{"allow":["GET"]}}],"collection":[{"href":"https:\/\/stratumm.com\/es\/wp-json\/wp\/v2\/pages"}],"about":[{"href":"https:\/\/stratumm.com\/es\/wp-json\/wp\/v2\/types\/page"}],"author":[{"embeddable":true,"href":"https:\/\/stratumm.com\/es\/wp-json\/wp\/v2\/users\/1"}],"replies":[{"embeddable":true,"href":"https:\/\/stratumm.com\/es\/wp-json\/wp\/v2\/comments?post=696"}],"version-history":[{"count":10,"href":"https:\/\/stratumm.com\/es\/wp-json\/wp\/v2\/pages\/696\/revisions"}],"predecessor-version":[{"id":708,"href":"https:\/\/stratumm.com\/es\/wp-json\/wp\/v2\/pages\/696\/revisions\/708"}],"wp:attachment":[{"href":"https:\/\/stratumm.com\/es\/wp-json\/wp\/v2\/media?parent=696"}],"curies":[{"name":"wp","href":"https:\/\/api.w.org\/{rel}","templated":true}]}}